{"id":14023,"date":"2022-12-23T18:16:05","date_gmt":"2022-12-23T17:16:05","guid":{"rendered":"https:\/\/www.patiadiabetes.com\/preguntas-frecuentes\/"},"modified":"2024-03-20T00:45:33","modified_gmt":"2024-03-19T23:45:33","slug":"preguntas-frecuentes","status":"publish","type":"page","link":"https:\/\/www.patiadiabetes.com\/en\/preguntas-frecuentes\/","title":{"rendered":"Frequently asked questions"},"content":{"rendered":"<p>[et_pb_section fb_built=&#8221;1&#8243; _builder_version=&#8221;4.21.0&#8243; _module_preset=&#8221;default&#8221; background_image=&#8221;https:\/\/www.patiadiabetes.com\/wp-content\/uploads\/2022\/12\/patia_bg.jpg&#8221; background_position=&#8221;top_center&#8221; background_vertical_offset=&#8221;14%&#8221; min_height=&#8221;48vw&#8221; custom_css_main_element=&#8221;position:relative;&#8221; global_module=&#8221;189&#8243; saved_tabs=&#8221;all&#8221; global_colors_info=&#8221;{}&#8221; theme_builder_area=&#8221;post_content&#8221;][et_pb_row _builder_version=&#8221;4.19.4&#8243; _module_preset=&#8221;default&#8221; global_colors_info=&#8221;{}&#8221; theme_builder_area=&#8221;post_content&#8221;][et_pb_column type=&#8221;4_4&#8243; _builder_version=&#8221;4.19.4&#8243; _module_preset=&#8221;default&#8221; global_colors_info=&#8221;{}&#8221; theme_builder_area=&#8221;post_content&#8221;][et_pb_text _builder_version=&#8221;4.21.0&#8243; _module_preset=&#8221;default&#8221; text_font_size=&#8221;24px&#8221; text_line_height=&#8221;1.4em&#8221; header_font_size=&#8221;42px&#8221; background_layout=&#8221;dark&#8221; max_width=&#8221;600px&#8221; max_width_last_edited=&#8221;off|phone&#8221; global_colors_info=&#8221;{}&#8221; theme_builder_area=&#8221;post_content&#8221;]<\/p>\n<h1><i class=\"fa-solid fa-triangle-exclamation\"><\/i> P\u00e1gina en construcci\u00f3n<\/h1>\n<p>Estamos trabajando para ofreceros toda la informaci\u00f3n sobre Patia combinada con la mejor experiencia de usuario.[\/et_pb_text][\/et_pb_column][\/et_pb_row][et_pb_row _builder_version=&#8221;4.21.0&#8243; _module_preset=&#8221;default&#8221; positioning=&#8221;absolute&#8221; position_origin_a=&#8221;bottom_center&#8221; vertical_offset=&#8221;40px&#8221; global_colors_info=&#8221;{}&#8221; theme_builder_area=&#8221;post_content&#8221;][et_pb_column type=&#8221;4_4&#8243; _builder_version=&#8221;4.19.4&#8243; _module_preset=&#8221;default&#8221; global_colors_info=&#8221;{}&#8221; theme_builder_area=&#8221;post_content&#8221;][et_pb_text _builder_version=&#8221;4.21.0&#8243; _module_preset=&#8221;default&#8221; text_font_size=&#8221;24px&#8221; text_line_height=&#8221;1.4em&#8221; header_font_size=&#8221;42px&#8221; background_layout=&#8221;dark&#8221; max_width=&#8221;600px&#8221; max_width_last_edited=&#8221;off|phone&#8221; global_colors_info=&#8221;{}&#8221; theme_builder_area=&#8221;post_content&#8221;]Gracias por vuestra paciencia<br \/>\n<strong>\u00a1Seguimos luchando contra la diabetes!<\/strong>[\/et_pb_text][\/et_pb_column][\/et_pb_row][\/et_pb_section][et_pb_section fb_built=&#8221;1&#8243; _builder_version=&#8221;4.19.4&#8243; _module_preset=&#8221;default&#8221; global_module=&#8221;191&#8243; saved_tabs=&#8221;all&#8221; global_colors_info=&#8221;{}&#8221; theme_builder_area=&#8221;post_content&#8221;][et_pb_row _builder_version=&#8221;4.21.0&#8243; _module_preset=&#8221;default&#8221; background_color=&#8221;#0284cf&#8221; custom_padding=&#8221;|2em||2em|false|true&#8221; global_colors_info=&#8221;{}&#8221; theme_builder_area=&#8221;post_content&#8221;][et_pb_column type=&#8221;4_4&#8243; _builder_version=&#8221;4.19.4&#8243; _module_preset=&#8221;default&#8221; global_colors_info=&#8221;{}&#8221; theme_builder_area=&#8221;post_content&#8221;][et_pb_text _builder_version=&#8221;4.19.4&#8243; _module_preset=&#8221;default&#8221; text_font=&#8221;|300|||||||&#8221; text_font_size=&#8221;18px&#8221; background_layout=&#8221;dark&#8221; global_colors_info=&#8221;{}&#8221; theme_builder_area=&#8221;post_content&#8221;]<\/p>\n<p><strong>Do you need more information?<\/strong><\/p>\n<p>Send us your information and we will be in touch.<\/p>\n<p>[\/et_pb_text][et_pb_contact_form captcha=&#8221;off&#8221; _builder_version=&#8221;4.20.4&#8243; _module_preset=&#8221;default&#8221; _unique_id=&#8221;574a70aa-0606-4899-b6ea-208011e4a092&#8243; form_field_background_color=&#8221;RGBA(255,255,255,0)&#8221; form_field_text_color=&#8221;#FFFFFF&#8221; form_field_focus_background_color=&#8221;#1EA4DC&#8221; captcha_text_color=&#8221;#FFFFFF&#8221; custom_button=&#8221;on&#8221; button_text_size=&#8221;18px&#8221; button_text_color=&#8221;#1EA4DC&#8221; button_bg_color=&#8221;#FFFFFF&#8221; button_border_radius=&#8221;4px&#8221; border_radii=&#8221;on|4px|4px|4px|4px&#8221; border_width_all=&#8221;1px&#8221; border_color_all=&#8221;rgba(255,255,255,0.25)&#8221; global_colors_info=&#8221;{}&#8221; theme_builder_area=&#8221;post_content&#8221;][et_pb_contact_field field_id=&#8221;Name&#8221; field_title=&#8221;Name&#8221; _builder_version=&#8221;4.16&#8243; global_colors_info=&#8221;{}&#8221; button_text_size__hover_enabled=&#8221;off&#8221; button_one_text_size__hover_enabled=&#8221;off&#8221; button_two_text_size__hover_enabled=&#8221;off&#8221; button_text_color__hover_enabled=&#8221;off&#8221; button_one_text_color__hover_enabled=&#8221;off&#8221; button_two_text_color__hover_enabled=&#8221;off&#8221; button_border_width__hover_enabled=&#8221;off&#8221; button_one_border_width__hover_enabled=&#8221;off&#8221; button_two_border_width__hover_enabled=&#8221;off&#8221; button_border_color__hover_enabled=&#8221;off&#8221; button_one_border_color__hover_enabled=&#8221;off&#8221; button_two_border_color__hover_enabled=&#8221;off&#8221; button_border_radius__hover_enabled=&#8221;off&#8221; button_one_border_radius__hover_enabled=&#8221;off&#8221; button_two_border_radius__hover_enabled=&#8221;off&#8221; button_letter_spacing__hover_enabled=&#8221;off&#8221; button_one_letter_spacing__hover_enabled=&#8221;off&#8221; button_two_letter_spacing__hover_enabled=&#8221;off&#8221; button_bg_color__hover_enabled=&#8221;off&#8221; button_one_bg_color__hover_enabled=&#8221;off&#8221; button_two_bg_color__hover_enabled=&#8221;off&#8221; theme_builder_area=&#8221;post_content&#8221;][\/et_pb_contact_field][et_pb_contact_field field_id=&#8221;Email&#8221; field_title=&#8221;E-mail address&#8221; field_type=&#8221;email&#8221; _builder_version=&#8221;4.16&#8243; global_colors_info=&#8221;{}&#8221; button_text_size__hover_enabled=&#8221;off&#8221; button_one_text_size__hover_enabled=&#8221;off&#8221; button_two_text_size__hover_enabled=&#8221;off&#8221; button_text_color__hover_enabled=&#8221;off&#8221; button_one_text_color__hover_enabled=&#8221;off&#8221; button_two_text_color__hover_enabled=&#8221;off&#8221; button_border_width__hover_enabled=&#8221;off&#8221; button_one_border_width__hover_enabled=&#8221;off&#8221; button_two_border_width__hover_enabled=&#8221;off&#8221; button_border_color__hover_enabled=&#8221;off&#8221; button_one_border_color__hover_enabled=&#8221;off&#8221; button_two_border_color__hover_enabled=&#8221;off&#8221; button_border_radius__hover_enabled=&#8221;off&#8221; button_one_border_radius__hover_enabled=&#8221;off&#8221; button_two_border_radius__hover_enabled=&#8221;off&#8221; button_letter_spacing__hover_enabled=&#8221;off&#8221; button_one_letter_spacing__hover_enabled=&#8221;off&#8221; button_two_letter_spacing__hover_enabled=&#8221;off&#8221; button_bg_color__hover_enabled=&#8221;off&#8221; button_one_bg_color__hover_enabled=&#8221;off&#8221; button_two_bg_color__hover_enabled=&#8221;off&#8221; theme_builder_area=&#8221;post_content&#8221;][\/et_pb_contact_field][\/et_pb_contact_form][\/et_pb_column][\/et_pb_row][\/et_pb_section]<\/p>\n","protected":false},"excerpt":{"rendered":"<p>P\u00e1gina en construcci\u00f3n Estamos trabajando para ofreceros toda la informaci\u00f3n sobre Patia combinada con la mejor experiencia de usuario.Gracias por vuestra paciencia \u00a1Seguimos luchando contra la diabetes!Do you need more information? Send us your information and we will be in touch.<\/p>\n","protected":false},"author":1,"featured_media":0,"parent":0,"menu_order":0,"comment_status":"closed","ping_status":"closed","template":"","meta":{"_et_pb_use_builder":"on","_et_pb_old_content":"","_et_gb_content_width":"","footnotes":""},"class_list":["post-14023","page","type-page","status-publish","hentry"],"_links":{"self":[{"href":"https:\/\/www.patiadiabetes.com\/en\/wp-json\/wp\/v2\/pages\/14023","targetHints":{"allow":["GET"]}}],"collection":[{"href":"https:\/\/www.patiadiabetes.com\/en\/wp-json\/wp\/v2\/pages"}],"about":[{"href":"https:\/\/www.patiadiabetes.com\/en\/wp-json\/wp\/v2\/types\/page"}],"author":[{"embeddable":true,"href":"https:\/\/www.patiadiabetes.com\/en\/wp-json\/wp\/v2\/users\/1"}],"replies":[{"embeddable":true,"href":"https:\/\/www.patiadiabetes.com\/en\/wp-json\/wp\/v2\/comments?post=14023"}],"version-history":[{"count":6,"href":"https:\/\/www.patiadiabetes.com\/en\/wp-json\/wp\/v2\/pages\/14023\/revisions"}],"predecessor-version":[{"id":14108,"href":"https:\/\/www.patiadiabetes.com\/en\/wp-json\/wp\/v2\/pages\/14023\/revisions\/14108"}],"wp:attachment":[{"href":"https:\/\/www.patiadiabetes.com\/en\/wp-json\/wp\/v2\/media?parent=14023"}],"curies":[{"name":"wp","href":"https:\/\/api.w.org\/{rel}","templated":true}]}}